{"id":4544,"date":"2017-06-30T07:17:53","date_gmt":"2017-06-30T07:17:53","guid":{"rendered":"http:\/\/modern-min.realhomes.io\/?page_id=4544"},"modified":"2022-02-18T03:04:40","modified_gmt":"2022-02-18T00:04:40","slug":"compare-properties","status":"publish","type":"page","link":"https:\/\/www.elifolgac.com\/?page_id=4544","title":{"rendered":"Kar\u015f\u0131la\u015ft\u0131r"},"content":{"rendered":"","protected":false},"excerpt":{"rendered":"","protected":false},"author":1,"featured_media":0,"parent":0,"menu_order":0,"comment_status":"closed","ping_status":"closed","template":"templates\/compare-properties.php","meta":{"_monsterinsights_skip_tracking":false,"_monsterinsights_sitenote_active":false,"_monsterinsights_sitenote_note":"","_monsterinsights_sitenote_category":0,"_uf_show_specific_survey":0,"_uf_disable_surveys":false,"footnotes":""},"class_list":["post-4544","page","type-page","status-publish","hentry"],"aioseo_notices":[],"_links":{"self":[{"href":"https:\/\/www.elifolgac.com\/index.php?rest_route=\/wp\/v2\/pages\/4544","targetHints":{"allow":["GET"]}}],"collection":[{"href":"https:\/\/www.elifolgac.com\/index.php?rest_route=\/wp\/v2\/pages"}],"about":[{"href":"https:\/\/www.elifolgac.com\/index.php?rest_route=\/wp\/v2\/types\/page"}],"author":[{"embeddable":true,"href":"https:\/\/www.elifolgac.com\/index.php?rest_route=\/wp\/v2\/users\/1"}],"replies":[{"embeddable":true,"href":"https:\/\/www.elifolgac.com\/index.php?rest_route=%2Fwp%2Fv2%2Fcomments&post=4544"}],"version-history":[{"count":1,"href":"https:\/\/www.elifolgac.com\/index.php?rest_route=\/wp\/v2\/pages\/4544\/revisions"}],"predecessor-version":[{"id":5179,"href":"https:\/\/www.elifolgac.com\/index.php?rest_route=\/wp\/v2\/pages\/4544\/revisions\/5179"}],"wp:attachment":[{"href":"https:\/\/www.elifolgac.com\/index.php?rest_route=%2Fwp%2Fv2%2Fmedia&parent=4544"}],"curies":[{"name":"wp","href":"https:\/\/api.w.org\/{rel}","templated":true}]}}