{"id":5057,"date":"2022-02-17T04:07:51","date_gmt":"2022-02-17T01:07:51","guid":{"rendered":"http:\/\/www.elifolgac.com\/?page_id=5057"},"modified":"2024-08-22T13:41:10","modified_gmt":"2024-08-22T10:41:10","slug":"ofisimiz","status":"publish","type":"page","link":"https:\/\/www.elifolgac.com\/?page_id=5057","title":{"rendered":"Ofisimiz"},"content":{"rendered":"\t\t<div data-elementor-type=\"wp-page\" data-elementor-id=\"5057\" class=\"elementor elementor-5057\">\n\t\t\t\t\t\t<section class=\"elementor-section elementor-top-section elementor-element elementor-element-3336c51 elementor-section-boxed elementor-section-height-default elementor-section-height-default\" data-id=\"3336c51\" data-element_type=\"section\">\n\t\t\t\t\t\t<div class=\"elementor-container elementor-column-gap-default\">\n\t\t\t\t\t<div class=\"elementor-column elementor-col-100 elementor-top-column elementor-element elementor-element-3d275c6\" data-id=\"3d275c6\" data-element_type=\"column\">\n\t\t\t<div class=\"elementor-widget-wrap elementor-element-populated\">\n\t\t\t\t\t\t<div class=\"elementor-element elementor-element-5a8b84d elementor-widget elementor-widget-heading\" data-id=\"5a8b84d\" data-element_type=\"widget\" data-widget_type=\"heading.default\">\n\t\t\t\t<div class=\"elementor-widget-container\">\n\t\t\t<style>\/*! elementor - v3.21.0 - 08-05-2024 *\/\n.elementor-heading-title{padding:0;margin:0;line-height:1}.elementor-widget-heading .elementor-heading-title[class*=elementor-size-]>a{color:inherit;font-size:inherit;line-height:inherit}.elementor-widget-heading .elementor-heading-title.elementor-size-small{font-size:15px}.elementor-widget-heading .elementor-heading-title.elementor-size-medium{font-size:19px}.elementor-widget-heading .elementor-heading-title.elementor-size-large{font-size:29px}.elementor-widget-heading .elementor-heading-title.elementor-size-xl{font-size:39px}.elementor-widget-heading .elementor-heading-title.elementor-size-xxl{font-size:59px}<\/style><h2 class=\"elementor-heading-title elementor-size-default\">| Ofisimiz<\/h2>\t\t<\/div>\n\t\t\t\t<\/div>\n\t\t\t\t<div class=\"elementor-element elementor-element-f96ff54 elementor-invisible elementor-widget elementor-widget-ere-classic-slogan-widget\" data-id=\"f96ff54\" data-element_type=\"widget\" data-settings=\"{&quot;_animation&quot;:&quot;fadeInDown&quot;}\" data-widget_type=\"ere-classic-slogan-widget.default\">\n\t\t\t\t<div class=\"elementor-widget-container\">\n\t\t\t\t\t\t<div class=\"rh_elementor_widget rhea_classic_section_head_elementor\">\n\t\t\t\t\t\t\t\t\t<h2 class=\"rh_classic_section__title\">Do\u011fru ve G\u00fcvenilir \u00c7\u00f6z\u00fcmler \u00dcretiyoruz!<\/h2>\n\t\t\t\t\n\t\t\t\t\t\t\t<\/div>\n\t\t\t\t\t<\/div>\n\t\t\t\t<\/div>\n\t\t\t\t<div class=\"elementor-element elementor-element-a483317 elementor-widget elementor-widget-text-editor\" data-id=\"a483317\" data-element_type=\"widget\" data-widget_type=\"text-editor.default\">\n\t\t\t\t<div class=\"elementor-widget-container\">\n\t\t\t<style>\/*! elementor - v3.21.0 - 08-05-2024 *\/\n.elementor-widget-text-editor.elementor-drop-cap-view-stacked .elementor-drop-cap{background-color:#69727d;color:#fff}.elementor-widget-text-editor.elementor-drop-cap-view-framed .elementor-drop-cap{color:#69727d;border:3px solid;background-color:transparent}.elementor-widget-text-editor:not(.elementor-drop-cap-view-default) .elementor-drop-cap{margin-top:8px}.elementor-widget-text-editor:not(.elementor-drop-cap-view-default) .elementor-drop-cap-letter{width:1em;height:1em}.elementor-widget-text-editor .elementor-drop-cap{float:left;text-align:center;line-height:1;font-size:50px}.elementor-widget-text-editor .elementor-drop-cap-letter{display:inline-block}<\/style>\t\t\t\t<p><img fetchpriority=\"high\" decoding=\"async\" class=\"wp-image-9073 size-medium alignleft\" src=\"https:\/\/www.elifolgac.com\/wp-content\/uploads\/2024\/06\/elifolgac_team-300x206.png\" alt=\"\" width=\"300\" height=\"206\" srcset=\"https:\/\/www.elifolgac.com\/wp-content\/uploads\/2024\/06\/elifolgac_team-300x206.png 300w, https:\/\/www.elifolgac.com\/wp-content\/uploads\/2024\/06\/elifolgac_team-1024x702.png 1024w, https:\/\/www.elifolgac.com\/wp-content\/uploads\/2024\/06\/elifolgac_team-768x526.png 768w, https:\/\/www.elifolgac.com\/wp-content\/uploads\/2024\/06\/elifolgac_team-1536x1053.png 1536w, https:\/\/www.elifolgac.com\/wp-content\/uploads\/2024\/06\/elifolgac_team-2048x1404.png 2048w, https:\/\/www.elifolgac.com\/wp-content\/uploads\/2024\/06\/elifolgac_team-150x103.png 150w\" sizes=\"(max-width: 300px) 100vw, 300px\" \/>2013 y\u0131l\u0131ndan itibaren Remax kurumsal kimli\u011fiyle y\u00fcr\u00fctt\u00fc\u011f\u00fcm\u00fcz Gayrimenkul Dan\u0131\u015fmanl\u0131\u011f\u0131 \u00e7al\u0131\u015fmalar\u0131m\u0131z\u0131 2022 y\u0131l\u0131nda \u00f6zelle\u015ftirerek Elif OLGA\u00c7 Gayrimenkul ve Yat\u0131r\u0131m Dan\u0131\u015fmanl\u0131\u011f\u0131 firmas\u0131yla s\u00fcrd\u00fcrmekteyiz.<\/p><p>Gayrimenkul sat\u0131\u015f ve pazarlama faaliyetlerimizi bilgi donan\u0131m\u0131zla mesleki deneyimimizle etik ve do\u011fru ilkelerimizi koruyarak s\u00fcrd\u00fcrmekteyiz.Konuya g\u00f6re \u00f6zel \u00e7\u00f6z\u00fcmler \u00fcreterek h\u0131zl\u0131 sonu\u00e7 almak i\u00e7in Ekip bilinciyle uzmanl\u0131kla \u00e7al\u0131\u015fmaktay\u0131z. Ekibimizin g\u00f6rev da\u011f\u0131l\u0131m\u0131 i\u015f b\u00f6l\u00fcm\u00fc prensipleri sonu\u00e7 almaktaki h\u0131z\u0131m\u0131z\u0131 ve kalitemizi artt\u0131rmaktad\u0131r.<\/p><p>Mesleki deneyimlerimiz aras\u0131nda \u00f6zellikle konut proje sat\u0131\u015f ve proje pazarlama dan\u0131\u015fmanl\u0131\u011f\u0131 yer almaktad\u0131r.<\/p><p>Bodrum yar\u0131madas\u0131 i\u00e7inde sat\u0131\u015f \u00a0pazarlama ve Pazarlama dan\u0131\u015fmanl\u0131\u011f\u0131 faaliyetlerini y\u00fcr\u00fctt\u00fc\u011f\u00fcm\u00fcz projeler aras\u0131nda ;<\/p><ul><li><span style=\"color: var(--rh-global-color-text);\">Derek\u00f6y Evleri projesi -36 ba\u011f\u0131ms\u0131z b\u00f6l\u00fcm<\/span><\/li><li><span style=\"color: var(--rh-global-color-text);\">D plaj evleri projesi -52 ba\u011f\u0131ms\u0131z b\u00f6l\u00fcm<\/span><\/li><li><span style=\"color: var(--rh-global-color-text);\">Velena evleri projesi \u2013 20 ba\u011f\u0131ms\u0131z b\u00f6l\u00fcm<\/span><\/li><li><span style=\"color: var(--rh-global-color-text);\">La Terraza projesi -95 ba\u011f\u0131ms\u0131z b\u00f6l\u00fcm<\/span><\/li><\/ul>\t\t\t\t\t\t<\/div>\n\t\t\t\t<\/div>\n\t\t\t\t\t<\/div>\n\t\t<\/div>\n\t\t\t\t\t<\/div>\n\t\t<\/section>\n\t\t\t\t<section class=\"elementor-section elementor-top-section elementor-element elementor-element-ab53022 elementor-section-boxed elementor-section-height-default elementor-section-height-default\" data-id=\"ab53022\" data-element_type=\"section\">\n\t\t\t\t\t\t<div class=\"elementor-container elementor-column-gap-default\">\n\t\t\t\t\t<div class=\"elementor-column elementor-col-100 elementor-top-column elementor-element elementor-element-4ff7ff8\" data-id=\"4ff7ff8\" data-element_type=\"column\">\n\t\t\t<div class=\"elementor-widget-wrap elementor-element-populated\">\n\t\t\t\t\t\t<div class=\"elementor-element elementor-element-786bc68 elementor-widget elementor-widget-inspiry-image-carousel-widget\" data-id=\"786bc68\" data-element_type=\"widget\" data-settings=\"{&quot;autoplay&quot;:&quot;yes&quot;,&quot;pause_on_hover&quot;:&quot;yes&quot;,&quot;pause_on_interaction&quot;:&quot;yes&quot;,&quot;infinite&quot;:&quot;yes&quot;,&quot;autoplay_speed&quot;:3000,&quot;speed&quot;:500,&quot;navigation&quot;:&quot;dots&quot;}\" data-widget_type=\"inspiry-image-carousel-widget.default\">\n\t\t\t\t<div class=\"elementor-widget-container\">\n\t\t\t        <div id=\"rhea-image-carousel-wrapper-786bc68\" class=\"rhea-image-carousel-wrapper carousel-style-2 \">\n\t\t\t                <div id=\"rhea-image-carousel-786bc68\" class=\"rhea-image-carousel rhea-stretch-carousel-image\">\n\t\t\t\t\t<div class=\"rhea-image-carousel-item\"><a data-elementor-open-lightbox=\"yes\" data-elementor-lightbox-slideshow=\"786bc68\" data-elementor-lightbox-title=\"_T8C3147 kopya\" data-e-action-hash=\"#elementor-action%3Aaction%3Dlightbox%26settings%3DeyJpZCI6NjY4OSwidXJsIjoiaHR0cHM6XC9cL3d3dy5lbGlmb2xnYWMuY29tXC93cC1jb250ZW50XC91cGxvYWRzXC8yMDIwXC8wMlwvVDhDMzE0Ny1rb3B5YS1zY2FsZWQuanBnIiwic2xpZGVzaG93IjoiNzg2YmM2OCJ9\" href=\"https:\/\/www.elifolgac.com\/wp-content\/uploads\/2020\/02\/T8C3147-kopya-scaled.jpg\"><img decoding=\"async\" class=\"rhea-image-carousel-image\" src=\"https:\/\/www.elifolgac.com\/wp-content\/uploads\/2020\/02\/T8C3147-kopya-488x326.jpg\" alt=\"_T8C3147 kopya\" \/><\/a><\/div><div class=\"rhea-image-carousel-item\"><a data-elementor-open-lightbox=\"yes\" data-elementor-lightbox-slideshow=\"786bc68\" data-elementor-lightbox-title=\"7T8C2764\" data-e-action-hash=\"#elementor-action%3Aaction%3Dlightbox%26settings%3DeyJpZCI6NjM3NSwidXJsIjoiaHR0cHM6XC9cL3d3dy5lbGlmb2xnYWMuY29tXC93cC1jb250ZW50XC91cGxvYWRzXC8yMDIyXC8wNFwvN1Q4QzI3NjQuanBnIiwic2xpZGVzaG93IjoiNzg2YmM2OCJ9\" href=\"https:\/\/www.elifolgac.com\/wp-content\/uploads\/2022\/04\/7T8C2764.jpg\"><img decoding=\"async\" class=\"rhea-image-carousel-image\" src=\"https:\/\/www.elifolgac.com\/wp-content\/uploads\/2022\/04\/7T8C2764-488x326.jpg\" alt=\"7T8C2764\" \/><\/a><\/div><div class=\"rhea-image-carousel-item\"><a data-elementor-open-lightbox=\"yes\" data-elementor-lightbox-slideshow=\"786bc68\" data-elementor-lightbox-title=\"_T8C3084\" data-e-action-hash=\"#elementor-action%3Aaction%3Dlightbox%26settings%3DeyJpZCI6NjY4OCwidXJsIjoiaHR0cHM6XC9cL3d3dy5lbGlmb2xnYWMuY29tXC93cC1jb250ZW50XC91cGxvYWRzXC8yMDIwXC8wMlwvVDhDMzA4NC1zY2FsZWQuanBnIiwic2xpZGVzaG93IjoiNzg2YmM2OCJ9\" href=\"https:\/\/www.elifolgac.com\/wp-content\/uploads\/2020\/02\/T8C3084-scaled.jpg\"><img decoding=\"async\" class=\"rhea-image-carousel-image\" src=\"https:\/\/www.elifolgac.com\/wp-content\/uploads\/2020\/02\/T8C3084-488x326.jpg\" alt=\"_T8C3084\" \/><\/a><\/div><div class=\"rhea-image-carousel-item\"><a data-elementor-open-lightbox=\"yes\" data-elementor-lightbox-slideshow=\"786bc68\" data-elementor-lightbox-title=\"a\" data-e-action-hash=\"#elementor-action%3Aaction%3Dlightbox%26settings%3DeyJpZCI6NjY5MCwidXJsIjoiaHR0cHM6XC9cL3d3dy5lbGlmb2xnYWMuY29tXC93cC1jb250ZW50XC91cGxvYWRzXC8yMDIwXC8wMlwvYS1zY2FsZWQuanBnIiwic2xpZGVzaG93IjoiNzg2YmM2OCJ9\" href=\"https:\/\/www.elifolgac.com\/wp-content\/uploads\/2020\/02\/a-scaled.jpg\"><img decoding=\"async\" class=\"rhea-image-carousel-image\" src=\"https:\/\/www.elifolgac.com\/wp-content\/uploads\/2020\/02\/a-488x326.jpg\" alt=\"a\" \/><\/a><\/div><div class=\"rhea-image-carousel-item\"><a data-elementor-open-lightbox=\"yes\" data-elementor-lightbox-slideshow=\"786bc68\" data-elementor-lightbox-title=\"7T8C2792\" data-e-action-hash=\"#elementor-action%3Aaction%3Dlightbox%26settings%3DeyJpZCI6NjM4MCwidXJsIjoiaHR0cHM6XC9cL3d3dy5lbGlmb2xnYWMuY29tXC93cC1jb250ZW50XC91cGxvYWRzXC8yMDIyXC8wNFwvN1Q4QzI3OTIuanBnIiwic2xpZGVzaG93IjoiNzg2YmM2OCJ9\" href=\"https:\/\/www.elifolgac.com\/wp-content\/uploads\/2022\/04\/7T8C2792.jpg\"><img decoding=\"async\" class=\"rhea-image-carousel-image\" src=\"https:\/\/www.elifolgac.com\/wp-content\/uploads\/2022\/04\/7T8C2792-488x326.jpg\" alt=\"7T8C2792\" \/><\/a><\/div><div class=\"rhea-image-carousel-item\"><a data-elementor-open-lightbox=\"yes\" data-elementor-lightbox-slideshow=\"786bc68\" data-elementor-lightbox-title=\"_T8C2742\" data-e-action-hash=\"#elementor-action%3Aaction%3Dlightbox%26settings%3DeyJpZCI6NjM2MiwidXJsIjoiaHR0cHM6XC9cL3d3dy5lbGlmb2xnYWMuY29tXC93cC1jb250ZW50XC91cGxvYWRzXC8yMDIyXC8wNFwvVDhDMjc0Mi5qcGciLCJzbGlkZXNob3ciOiI3ODZiYzY4In0%3D\" href=\"https:\/\/www.elifolgac.com\/wp-content\/uploads\/2022\/04\/T8C2742.jpg\"><img decoding=\"async\" class=\"rhea-image-carousel-image\" src=\"https:\/\/www.elifolgac.com\/wp-content\/uploads\/2022\/04\/T8C2742-488x326.jpg\" alt=\"_T8C2742\" \/><\/a><\/div><div class=\"rhea-image-carousel-item\"><a data-elementor-open-lightbox=\"yes\" data-elementor-lightbox-slideshow=\"786bc68\" data-elementor-lightbox-title=\"7T8C2817\" data-e-action-hash=\"#elementor-action%3Aaction%3Dlightbox%26settings%3DeyJpZCI6NjM4MywidXJsIjoiaHR0cHM6XC9cL3d3dy5lbGlmb2xnYWMuY29tXC93cC1jb250ZW50XC91cGxvYWRzXC8yMDIyXC8wNFwvN1Q4QzI4MTcuanBnIiwic2xpZGVzaG93IjoiNzg2YmM2OCJ9\" href=\"https:\/\/www.elifolgac.com\/wp-content\/uploads\/2022\/04\/7T8C2817.jpg\"><img decoding=\"async\" class=\"rhea-image-carousel-image\" src=\"https:\/\/www.elifolgac.com\/wp-content\/uploads\/2022\/04\/7T8C2817-488x326.jpg\" alt=\"7T8C2817\" \/><\/a><\/div><div class=\"rhea-image-carousel-item\"><a data-elementor-open-lightbox=\"yes\" data-elementor-lightbox-slideshow=\"786bc68\" data-elementor-lightbox-title=\"_T8C2828\" data-e-action-hash=\"#elementor-action%3Aaction%3Dlightbox%26settings%3DeyJpZCI6NjM2NywidXJsIjoiaHR0cHM6XC9cL3d3dy5lbGlmb2xnYWMuY29tXC93cC1jb250ZW50XC91cGxvYWRzXC8yMDIyXC8wNFwvVDhDMjgyOC5qcGciLCJzbGlkZXNob3ciOiI3ODZiYzY4In0%3D\" href=\"https:\/\/www.elifolgac.com\/wp-content\/uploads\/2022\/04\/T8C2828.jpg\"><img decoding=\"async\" class=\"rhea-image-carousel-image\" src=\"https:\/\/www.elifolgac.com\/wp-content\/uploads\/2022\/04\/T8C2828-488x326.jpg\" alt=\"_T8C2828\" \/><\/a><\/div><div class=\"rhea-image-carousel-item\"><a data-elementor-open-lightbox=\"yes\" data-elementor-lightbox-slideshow=\"786bc68\" data-elementor-lightbox-title=\"7T8C2758\" data-e-action-hash=\"#elementor-action%3Aaction%3Dlightbox%26settings%3DeyJpZCI6NjM3NCwidXJsIjoiaHR0cHM6XC9cL3d3dy5lbGlmb2xnYWMuY29tXC93cC1jb250ZW50XC91cGxvYWRzXC8yMDIyXC8wNFwvN1Q4QzI3NTguanBnIiwic2xpZGVzaG93IjoiNzg2YmM2OCJ9\" href=\"https:\/\/www.elifolgac.com\/wp-content\/uploads\/2022\/04\/7T8C2758.jpg\"><img decoding=\"async\" class=\"rhea-image-carousel-image\" src=\"https:\/\/www.elifolgac.com\/wp-content\/uploads\/2022\/04\/7T8C2758-488x326.jpg\" alt=\"7T8C2758\" \/><\/a><\/div><div class=\"rhea-image-carousel-item\"><a data-elementor-open-lightbox=\"yes\" data-elementor-lightbox-slideshow=\"786bc68\" data-elementor-lightbox-title=\"7T8C2746 kaopya\" data-e-action-hash=\"#elementor-action%3Aaction%3Dlightbox%26settings%3DeyJpZCI6NjM3MiwidXJsIjoiaHR0cHM6XC9cL3d3dy5lbGlmb2xnYWMuY29tXC93cC1jb250ZW50XC91cGxvYWRzXC8yMDIyXC8wNFwvN1Q4QzI3NDYta2FvcHlhLmpwZyIsInNsaWRlc2hvdyI6Ijc4NmJjNjgifQ%3D%3D\" href=\"https:\/\/www.elifolgac.com\/wp-content\/uploads\/2022\/04\/7T8C2746-kaopya.jpg\"><img decoding=\"async\" class=\"rhea-image-carousel-image\" src=\"https:\/\/www.elifolgac.com\/wp-content\/uploads\/2022\/04\/7T8C2746-kaopya-488x326.jpg\" alt=\"7T8C2746 kaopya\" \/><\/a><\/div><div class=\"rhea-image-carousel-item\"><a data-elementor-open-lightbox=\"yes\" data-elementor-lightbox-slideshow=\"786bc68\" data-elementor-lightbox-title=\"_T8C3155\" data-e-action-hash=\"#elementor-action%3Aaction%3Dlightbox%26settings%3DeyJpZCI6NjY5MSwidXJsIjoiaHR0cHM6XC9cL3d3dy5lbGlmb2xnYWMuY29tXC93cC1jb250ZW50XC91cGxvYWRzXC8yMDIwXC8wMlwvVDhDMzE1NS1zY2FsZWQuanBnIiwic2xpZGVzaG93IjoiNzg2YmM2OCJ9\" href=\"https:\/\/www.elifolgac.com\/wp-content\/uploads\/2020\/02\/T8C3155-scaled.jpg\"><img decoding=\"async\" class=\"rhea-image-carousel-image\" src=\"https:\/\/www.elifolgac.com\/wp-content\/uploads\/2020\/02\/T8C3155-488x326.jpg\" alt=\"_T8C3155\" \/><\/a><\/div>                <\/div>\n\t\t\t\t        <\/div>\n\t\t        <script type=\"application\/javascript\">\n            ( function ( $ ) {\n                'use strict';\n                $( document ).ready( function () {\n                    rheaImageCarousel({\"wrapper\":\"#rhea-image-carousel-wrapper-786bc68\",\"id\":\"#rhea-image-carousel-786bc68\",\"slidesToShow\":1,\"slidesToScroll\":1,\"slidesToShowTablet\":1,\"slidesToScrollTablet\":1,\"slidesToShowMobile\":1,\"slidesToScrollMobile\":1,\"speed\":500,\"autoplaySpeed\":3000,\"dots\":true,\"arrows\":false,\"autoplay\":true,\"pauseOnHover\":true,\"pauseOnInteraction\":true,\"infinite\":true,\"fade\":false});\n                } );\n            } )( jQuery );\n        <\/script>\n\t\t\t\t<\/div>\n\t\t\t\t<\/div>\n\t\t\t\t\t<\/div>\n\t\t<\/div>\n\t\t\t\t\t<\/div>\n\t\t<\/section>\n\t\t\t\t<section class=\"elementor-section elementor-top-section elementor-element elementor-element-44d226d elementor-section-boxed elementor-section-height-default elementor-section-height-default\" data-id=\"44d226d\" data-element_type=\"section\">\n\t\t\t\t\t\t<div class=\"elementor-container elementor-column-gap-default\">\n\t\t\t\t\t<div class=\"elementor-column elementor-col-100 elementor-top-column elementor-element elementor-element-7cc7037\" data-id=\"7cc7037\" data-element_type=\"column\">\n\t\t\t<div class=\"elementor-widget-wrap elementor-element-populated\">\n\t\t\t\t\t\t<div class=\"elementor-element elementor-element-bbb562d elementor-widget elementor-widget-google_maps\" data-id=\"bbb562d\" data-element_type=\"widget\" data-widget_type=\"google_maps.default\">\n\t\t\t\t<div class=\"elementor-widget-container\">\n\t\t\t<style>\/*! elementor - v3.21.0 - 08-05-2024 *\/\n.elementor-widget-google_maps .elementor-widget-container{overflow:hidden}.elementor-widget-google_maps .elementor-custom-embed{line-height:0}.elementor-widget-google_maps iframe{height:300px}<\/style>\t\t<div class=\"elementor-custom-embed\">\n\t\t\t<iframe loading=\"lazy\"\n\t\t\t\t\tsrc=\"https:\/\/maps.google.com\/maps?q=M%C4%B0THAT%20PA%C5%9EA%2C%20KONACIK%20KANUN%C4%B0%20SULTAN%20S%C3%9CLEYMAN%20CAD%2C%20SOK%20DO%C4%9EABENDE%20EVLER%C4%B0%20NO%3A10%2F1%2C%2048400%20Bodrum%2FMu%C4%9Fla&#038;t=m&#038;z=11&#038;output=embed&#038;iwloc=near\"\n\t\t\t\t\ttitle=\"M\u0130THAT PA\u015eA, KONACIK KANUN\u0130 SULTAN S\u00dcLEYMAN CAD, SOK DO\u011eABENDE EVLER\u0130 NO:10\/1, 48400 Bodrum\/Mu\u011fla\"\n\t\t\t\t\taria-label=\"M\u0130THAT PA\u015eA, KONACIK KANUN\u0130 SULTAN S\u00dcLEYMAN CAD, SOK DO\u011eABENDE EVLER\u0130 NO:10\/1, 48400 Bodrum\/Mu\u011fla\"\n\t\t\t><\/iframe>\n\t\t<\/div>\n\t\t\t\t<\/div>\n\t\t\t\t<\/div>\n\t\t\t\t\t<\/div>\n\t\t<\/div>\n\t\t\t\t\t<\/div>\n\t\t<\/section>\n\t\t\t\t<\/div>\n\t\t","protected":false},"excerpt":{"rendered":"<p>| Ofisimiz Do\u011fru ve G\u00fcvenilir \u00c7\u00f6z\u00fcmler \u00dcretiyoruz! 2013 y\u0131l\u0131ndan itibaren Remax kurumsal kimli\u011fiyle y\u00fcr\u00fctt\u00fc\u011f\u00fcm\u00fcz Gayrimenkul Dan\u0131\u015fmanl\u0131\u011f\u0131 \u00e7al\u0131\u015fmalar\u0131m\u0131z\u0131 2022 y\u0131l\u0131nda \u00f6zelle\u015ftirerek Elif OLGA\u00c7 Gayrimenkul ve Yat\u0131r\u0131m Dan\u0131\u015fmanl\u0131\u011f\u0131 firmas\u0131yla s\u00fcrd\u00fcrmekteyiz. Gayrimenkul sat\u0131\u015f ve pazarlama faaliyetlerimizi bilgi donan\u0131m\u0131zla mesleki deneyimimizle etik ve do\u011fru ilkelerimizi koruyarak s\u00fcrd\u00fcrmekteyiz.Konuya g\u00f6re \u00f6zel \u00e7\u00f6z\u00fcmler \u00fcreterek h\u0131zl\u0131 sonu\u00e7 almak i\u00e7in Ekip bilinciyle uzmanl\u0131kla \u00e7al\u0131\u015fmaktay\u0131z&#8230;.<\/p>\n","protected":false},"author":1,"featured_media":0,"parent":0,"menu_order":0,"comment_status":"closed","ping_status":"closed","template":"","meta":{"_monsterinsights_skip_tracking":false,"_monsterinsights_sitenote_active":false,"_monsterinsights_sitenote_note":"","_monsterinsights_sitenote_category":0,"_uf_show_specific_survey":0,"_uf_disable_surveys":false,"footnotes":""},"class_list":["post-5057","page","type-page","status-publish","hentry"],"aioseo_notices":[],"_links":{"self":[{"href":"https:\/\/www.elifolgac.com\/index.php?rest_route=\/wp\/v2\/pages\/5057","targetHints":{"allow":["GET"]}}],"collection":[{"href":"https:\/\/www.elifolgac.com\/index.php?rest_route=\/wp\/v2\/pages"}],"about":[{"href":"https:\/\/www.elifolgac.com\/index.php?rest_route=\/wp\/v2\/types\/page"}],"author":[{"embeddable":true,"href":"https:\/\/www.elifolgac.com\/index.php?rest_route=\/wp\/v2\/users\/1"}],"replies":[{"embeddable":true,"href":"https:\/\/www.elifolgac.com\/index.php?rest_route=%2Fwp%2Fv2%2Fcomments&post=5057"}],"version-history":[{"count":66,"href":"https:\/\/www.elifolgac.com\/index.php?rest_route=\/wp\/v2\/pages\/5057\/revisions"}],"predecessor-version":[{"id":9438,"href":"https:\/\/www.elifolgac.com\/index.php?rest_route=\/wp\/v2\/pages\/5057\/revisions\/9438"}],"wp:attachment":[{"href":"https:\/\/www.elifolgac.com\/index.php?rest_route=%2Fwp%2Fv2%2Fmedia&parent=5057"}],"curies":[{"name":"wp","href":"https:\/\/api.w.org\/{rel}","templated":true}]}}