{"id":5277,"date":"2022-02-18T14:39:29","date_gmt":"2022-02-18T11:39:29","guid":{"rendered":"http:\/\/www.elifolgac.com\/?page_id=5277"},"modified":"2024-01-05T07:16:14","modified_gmt":"2024-01-05T04:16:14","slug":"iletisim","status":"publish","type":"page","link":"https:\/\/www.elifolgac.com\/?page_id=5277","title":{"rendered":"\u0130leti\u015fim"},"content":{"rendered":"\t\t<div data-elementor-type=\"wp-page\" data-elementor-id=\"5277\" class=\"elementor elementor-5277\">\n\t\t\t\t\t\t<section class=\"elementor-section elementor-top-section elementor-element elementor-element-8301f34 elementor-section-boxed elementor-section-height-default elementor-section-height-default\" data-id=\"8301f34\" data-element_type=\"section\">\n\t\t\t\t\t\t<div class=\"elementor-container elementor-column-gap-default\">\n\t\t\t\t\t<div class=\"elementor-column elementor-col-100 elementor-top-column elementor-element elementor-element-c105d88\" data-id=\"c105d88\" data-element_type=\"column\">\n\t\t\t<div class=\"elementor-widget-wrap elementor-element-populated\">\n\t\t\t\t\t\t<div class=\"elementor-element elementor-element-9450561 elementor-widget elementor-widget-heading\" data-id=\"9450561\" data-element_type=\"widget\" data-widget_type=\"heading.default\">\n\t\t\t\t<div class=\"elementor-widget-container\">\n\t\t\t<style>\/*! elementor - v3.21.0 - 08-05-2024 *\/\n.elementor-heading-title{padding:0;margin:0;line-height:1}.elementor-widget-heading .elementor-heading-title[class*=elementor-size-]>a{color:inherit;font-size:inherit;line-height:inherit}.elementor-widget-heading .elementor-heading-title.elementor-size-small{font-size:15px}.elementor-widget-heading .elementor-heading-title.elementor-size-medium{font-size:19px}.elementor-widget-heading .elementor-heading-title.elementor-size-large{font-size:29px}.elementor-widget-heading .elementor-heading-title.elementor-size-xl{font-size:39px}.elementor-widget-heading .elementor-heading-title.elementor-size-xxl{font-size:59px}<\/style><h2 class=\"elementor-heading-title elementor-size-default\">| \u0130leti\u015fim<\/h2>\t\t<\/div>\n\t\t\t\t<\/div>\n\t\t\t\t\t<\/div>\n\t\t<\/div>\n\t\t\t\t\t<\/div>\n\t\t<\/section>\n\t\t\t\t<section class=\"elementor-section elementor-top-section elementor-element elementor-element-cb1c72a elementor-section-boxed elementor-section-height-default elementor-section-height-default\" data-id=\"cb1c72a\" data-element_type=\"section\">\n\t\t\t\t\t\t<div class=\"elementor-container elementor-column-gap-default\">\n\t\t\t\t\t<div class=\"elementor-column elementor-col-100 elementor-top-column elementor-element elementor-element-823620c\" data-id=\"823620c\" data-element_type=\"column\">\n\t\t\t<div class=\"elementor-widget-wrap elementor-element-populated\">\n\t\t\t\t\t\t<div class=\"elementor-element elementor-element-9ac3fff elementor-widget elementor-widget-google_maps\" data-id=\"9ac3fff\" data-element_type=\"widget\" data-widget_type=\"google_maps.default\">\n\t\t\t\t<div class=\"elementor-widget-container\">\n\t\t\t<style>\/*! elementor - v3.21.0 - 08-05-2024 *\/\n.elementor-widget-google_maps .elementor-widget-container{overflow:hidden}.elementor-widget-google_maps .elementor-custom-embed{line-height:0}.elementor-widget-google_maps iframe{height:300px}<\/style>\t\t<div class=\"elementor-custom-embed\">\n\t\t\t<iframe loading=\"lazy\"\n\t\t\t\t\tsrc=\"https:\/\/maps.google.com\/maps?q=elif%20olga%C3%A7&#038;t=m&#038;z=17&#038;output=embed&#038;iwloc=near\"\n\t\t\t\t\ttitle=\"elif olga\u00e7\"\n\t\t\t\t\taria-label=\"elif olga\u00e7\"\n\t\t\t><\/iframe>\n\t\t<\/div>\n\t\t\t\t<\/div>\n\t\t\t\t<\/div>\n\t\t\t\t\t<\/div>\n\t\t<\/div>\n\t\t\t\t\t<\/div>\n\t\t<\/section>\n\t\t\t\t<section class=\"elementor-section elementor-top-section elementor-element elementor-element-00c21e6 elementor-section-boxed elementor-section-height-default elementor-section-height-default\" data-id=\"00c21e6\" data-element_type=\"section\">\n\t\t\t\t\t\t<div class=\"elementor-container elementor-column-gap-default\">\n\t\t\t\t\t<div class=\"elementor-column elementor-col-100 elementor-top-column elementor-element elementor-element-57362bc\" data-id=\"57362bc\" data-element_type=\"column\">\n\t\t\t<div class=\"elementor-widget-wrap elementor-element-populated\">\n\t\t\t\t\t\t<div class=\"elementor-element elementor-element-6545f2d elementor-widget elementor-widget-menu-anchor\" data-id=\"6545f2d\" data-element_type=\"widget\" data-widget_type=\"menu-anchor.default\">\n\t\t\t\t<div class=\"elementor-widget-container\">\n\t\t\t<style>\/*! elementor - v3.21.0 - 08-05-2024 *\/\nbody.elementor-page .elementor-widget-menu-anchor{margin-bottom:0}<\/style>\t\t<div class=\"elementor-menu-anchor\" id=\"iletisim\"><\/div>\n\t\t\t\t<\/div>\n\t\t\t\t<\/div>\n\t\t\t\t<div class=\"elementor-element elementor-element-8702ea2 elementor-widget elementor-widget-heading\" data-id=\"8702ea2\" data-element_type=\"widget\" data-widget_type=\"heading.default\">\n\t\t\t\t<div class=\"elementor-widget-container\">\n\t\t\t<h3 class=\"elementor-heading-title elementor-size-default\">Elif OLGA\u00c7 Gayrimenkul ve Yat\u0131r\u0131m Dan\u0131\u015fmanl\u0131\u011f\u0131<\/h3>\t\t<\/div>\n\t\t\t\t<\/div>\n\t\t\t\t<div class=\"elementor-element elementor-element-8290f61 elementor-widget elementor-widget-rhea-agent-contact-form-widget\" data-id=\"8290f61\" data-element_type=\"widget\" data-widget_type=\"rhea-agent-contact-form-widget.default\">\n\t\t\t\t<div class=\"elementor-widget-container\">\n\t\t\t\n        <div class=\"rhea_acf_wrapper  acf_mo_contact_list_icons \">\n            <div class=\"rhea_acf_box\">\n\n                <div class=\"rhea_thumb_and_form\">\n                    <div class=\"rhea_thumb_and_form_inner\">\n\t\t\t\t\t\t                            <div class=\"rhea_acf_thumb_wrapper\">\n\t\t\t\t\t\t\t\t<div class=\"rhea_acf_agent_thumbnail\">                                        <div class=\"rhea_acf_thumb_box\"\n                                             style=\"background-image: url(https:\/\/www.elifolgac.com\/wp-content\/uploads\/2024\/01\/elif-ilet-1.png)\"><\/div>\n\t\t\t\t\t\t\t\t\t\t<\/div>                            <\/div>\n\n\t\t\t\t\t\t\t                        <div class=\"rhea_acf_form\">\n\n\t\t\t\t\t\t\t                                <form class=\"rhea_acf_form_box\" id=\"acf_8290f61\"\n                                      method=\"post\"\n                                      action=\"https:\/\/www.elifolgac.com\/wp-admin\/admin-ajax.php\">\n\t\t\t\t\t\t\t\t\t                                        <label class=\"rhea_acf_label\"\n                                               for=\"acf_name_8290f61\">Ad Soyad<\/label>\n\t\t\t\t\t\t\t\t\t\t                                    <input id=\"acf_name_8290f61\" class=\"rhea_acf_text required\" type=\"text\" name=\"name\"\n                                           placeholder=\"\">\n\t\t\t\t\t\t\t\t\t                                        <label class=\"rhea_acf_label\"\n                                               for=\"acf_email_8290f61\">E-posta<\/label>\n\t\t\t\t\t\t\t\t\t\t                                    <input id=\"acf_email_8290f61\" class=\"rhea_acf_text email required\" type=\"email\" name=\"email\"\n                                           placeholder=\"\">\n\n\t\t\t\t\t\t\t\t\t                                        <label class=\"rhea_acf_label\"\n                                               for=\"acf_message_8290f61\">Mesaj\u0131n\u0131z<\/label>\n\t\t\t\t\t\t\t\t\t\t                                    <textarea id=\"acf_message_8290f61\" class=\"rhea_acf_textarea required\" rows=\"8\" name=\"message\"\n                                              placeholder=\"\"><\/textarea>\n\n\t\t\t\t\t\t\t\t\t\n\t\t\t\t\t\t\t\t\t                                            <div class=\"inspiry-recaptcha-wrapper clearfix g-recaptcha-type-v3\">\n                                                <div class=\"inspiry-google-recaptcha\"><\/div>\n                                            <\/div>\n\t\t\t\t\t\t\t\t\t\t\t\n                                    <input type=\"hidden\" name=\"nonce\" value=\"8e42e39188\"\/>\n                                    <input type=\"hidden\" name=\"target\" value=\"&#098;&#105;lgi&#064;&#101;lif&#111;lg&#097;&#099;&#046;&#099;om\">\n\n                                                                        <input type=\"hidden\" name=\"action\" value=\"rhea_send_message_to_agent\" \/>\n\n                                    <div class=\"rhea_acf_submit_wrapper\">\n\t                                                                                <input id=\"acf_submit\" class=\"rhea_acf_submit\" type=\"submit\" name=\"submit\" value=\"G\u00f6nder\">\n\t\t                                                                        <\/div>\n\n                                    <div class=\"rhea_agent_form__row\">\n                                        <div class=\"rhea-ajax-loader\">\n                                            <span class=\"rhea_loader_box\"><svg xmlns=\"http:\/\/www.w3.org\/2000\/svg\" xmlns:xlink=\"http:\/\/www.w3.org\/1999\/xlink\" width=\"32px\" height=\"32px\" viewBox=\"0 0 128 128\" xml:space=\"preserve\"><rect x=\"0\" y=\"0\" width=\"100%\" height=\"100%\" fill=\"#FFFFFF\" \/><g><path d=\"M75.4 126.63a11.43 11.43 0 0 1-2.1-22.65 40.9 40.9 0 0 0 30.5-30.6 11.4 11.4 0 1 1 22.27 4.87h.02a63.77 63.77 0 0 1-47.8 48.05v-.02a11.38 11.38 0 0 1-2.93.37z\" fill=\"#1ea69a\" fill-opacity=\"1\"\/><animateTransform attributeName=\"transform\" type=\"rotate\" from=\"0 64 64\" to=\"360 64 64\" dur=\"1000ms\" repeatCount=\"indefinite\"><\/animateTransform><\/g><\/svg>\n<\/span>\n                                        <\/div>\n                                        <div class=\"rhea-error-container\"><\/div>\n                                        <div class=\"rhea-message-container\"><\/div>\n                                    <\/div>\n                                <\/form>\n\t\t\t\t\t\t\t\t                        <\/div>\n                    <\/div>\n                <\/div>\n\n\t\t\t\t                    <div class=\"rhea_acf_inner rhea_acf_agent_contacts\">\n                        <div class=\"rhea_acf_contacts_inner\">\n\t\t\t\t\t\t\t                                <div class=\"rhea_acf_contact\">\n                                    <i class=\"rhea_acf_icon fas fa-phone-alt\"><\/i>\n                                    <div class=\"rhea_acf_contact_detail\">\n\t\t\t\t\t\t\t\t\t\t                                            <span class=\"rhea_acf_list_label\">Telefon<\/span>\n\t\t\t\t\t\t\t\t\t\t\t                                        <a href=\"tel:+90 545 456 76 67\"\n                                           class=\"rhea_acf_list_text\">+90 545 456 76 67<\/a>\n                                    <\/div>\n                                <\/div>\n\t\t\t\t\t\t\t\t                                <div class=\"rhea_acf_contact\">\n                                    <i class=\"rhea_acf_icon fab fa-whatsapp\"><\/i>\n                                    <div class=\"rhea_acf_contact_detail\">\n\t\t\t\t\t\t\t\t\t\t                                            <span class=\"rhea_acf_list_label\">WhatsApp<\/span>\n\t\t\t\t\t\t\t\t\t\t\t                                        <a href=\"https:\/\/api.whatsapp.com\/send?phone=+90 545 456 76 67\"\n                                           class=\"rhea_acf_list_text\">+90 545 456 76 67<\/a>\n                                    <\/div>\n                                <\/div>\n\t\t\t\t\t\t\t\t                                <div class=\"rhea_acf_contact\">\n                                    <i class=\"rhea_acf_icon fas fa-envelope\"><\/i>\n                                    <div class=\"rhea_acf_contact_detail\">\n\t\t\t\t\t\t\t\t\t\t                                            <span class=\"rhea_acf_list_label\">E-posta<\/span>\n\t\t\t\t\t\t\t\t\t\t\t                                        <a href=\"mailto:b&#105;&#108;&#103;i&#064;e&#108;i&#102;o&#108;ga&#099;.&#099;om\"\n                                           class=\"rhea_acf_list_text\">bi&#108;&#103;&#105;&#064;&#101;l&#105;&#102;ol&#103;&#097;&#099;.&#099;&#111;&#109;<\/a>\n                                    <\/div>\n                                <\/div>\n\t\t\t\t\t\t\t\t                                <div class=\"rhea_acf_contact\">\n                                    <i class=\"rhea_acf_icon fas fa-map-marker-alt\"><\/i>\n                                    <div class=\"rhea_acf_contact_detail\">\n\t\t\t\t\t\t\t\t\t\t                                            <span class=\"rhea_acf_list_label\">Ofis<\/span>\n\t\t\t\t\t\t\t\t\t\t\t                                        <span class=\"rhea_acf_list_text\">Kanuni Sultan S\u00fcleyman Cad. Do\u011fabende Sitesi 10\/1 \u2022 Konac\u0131k \/ BODRUM<\/span>\n                                    <\/div>\n                                <\/div>\n\t\t\t\t\t\t\t\t                            <div class=\"rhea_acf_contact\">\n                                <i class=\"rhea_acf_icon fas fa-user-circle\"><\/i>\n                                <div class=\"rhea_acf_contact_detail\">\n\t\t\t\t\t\t\t\t\t                                        <span class=\"rhea_acf_list_label\">Bizi takip edin!<\/span>\n\t\t\t\t\t\t\t\t\t\t                                        <ul class=\"rhea_acf_socials\">\n\t\t\t\t\t\t\t\t\t\t\t                                                <li class=\"rhea_item_facebook\">\n                                                    <a href=\"https:\/\/www.facebook.com\/ElifOlgacBodrum\"\n\t\t\t\t\t\t\t\t\t\t\t\t\t\t target=&quot;_blank&quot;  rel=&quot;nofollow&quot;  >\n                                                        <i class=\"fab fa-facebook fa-lg\"><\/i>\n                                                    <\/a>\n                                                <\/li>\n\t\t\t\t\t\t\t\t\t\t\t\t                                                <li class=\"rhea_item_linkedin\">\n                                                    <a href=\"https:\/\/www.linkedin.com\/in\/elif-olga\u00e7-93a34b117\/\"\n\t\t\t\t\t\t\t\t\t\t\t\t\t\t target=&quot;_blank&quot;  rel=&quot;nofollow&quot;  >\n                                                        <i class=\"fab fa-linkedin fa-lg\"><\/i>\n                                                    <\/a>\n                                                <\/li>\n\t\t\t\t\t\t\t\t\t\t\t\t                                                <li class=\"rhea_item_instagram\">\n                                                    <a href=\"https:\/\/www.instagram.com\/elifolgacgayrimenkulyatirim\/\"\n\t\t\t\t\t\t\t\t\t\t\t\t\t\t target=&quot;_blank&quot;  rel=&quot;nofollow&quot;  >\n                                                        <i class=\"fab fa-instagram fa-lg\"><\/i>\n                                                    <\/a>\n                                                <\/li>\n\t\t\t\t\t\t\t\t\t\t\t\t                                        <\/ul>\n\t\t\t\t\t\t\t\t\t\t                                <\/div>\n                            <\/div>\n                        <\/div>\n                    <\/div>\n                                <\/div>\n        <\/div>\n\t\t\t\t<\/div>\n\t\t\t\t<\/div>\n\t\t\t\t\t<\/div>\n\t\t<\/div>\n\t\t\t\t\t<\/div>\n\t\t<\/section>\n\t\t\t\t<\/div>\n\t\t","protected":false},"excerpt":{"rendered":"<p>| \u0130leti\u015fim Elif OLGA\u00c7 Gayrimenkul ve Yat\u0131r\u0131m Dan\u0131\u015fmanl\u0131\u011f\u0131 Ad Soyad E-posta Mesaj\u0131n\u0131z Telefon +90 545 456 76 67 WhatsApp +90 545 456 76 67 E-posta &#098;ilgi&#064;elifo&#108;ga&#099;&#046;co&#109; Ofis Kanuni Sultan S\u00fcleyman Cad. Do\u011fabende Sitesi 10\/1 \u2022 Konac\u0131k \/ BODRUM Bizi takip edin!<\/p>\n","protected":false},"author":1,"featured_media":0,"parent":0,"menu_order":0,"comment_status":"closed","ping_status":"closed","template":"","meta":{"_monsterinsights_skip_tracking":false,"_monsterinsights_sitenote_active":false,"_monsterinsights_sitenote_note":"","_monsterinsights_sitenote_category":0,"_uf_show_specific_survey":0,"_uf_disable_surveys":false,"footnotes":""},"class_list":["post-5277","page","type-page","status-publish","hentry"],"aioseo_notices":[],"_links":{"self":[{"href":"https:\/\/www.elifolgac.com\/index.php?rest_route=\/wp\/v2\/pages\/5277","targetHints":{"allow":["GET"]}}],"collection":[{"href":"https:\/\/www.elifolgac.com\/index.php?rest_route=\/wp\/v2\/pages"}],"about":[{"href":"https:\/\/www.elifolgac.com\/index.php?rest_route=\/wp\/v2\/types\/page"}],"author":[{"embeddable":true,"href":"https:\/\/www.elifolgac.com\/index.php?rest_route=\/wp\/v2\/users\/1"}],"replies":[{"embeddable":true,"href":"https:\/\/www.elifolgac.com\/index.php?rest_route=%2Fwp%2Fv2%2Fcomments&post=5277"}],"version-history":[{"count":51,"href":"https:\/\/www.elifolgac.com\/index.php?rest_route=\/wp\/v2\/pages\/5277\/revisions"}],"predecessor-version":[{"id":8193,"href":"https:\/\/www.elifolgac.com\/index.php?rest_route=\/wp\/v2\/pages\/5277\/revisions\/8193"}],"wp:attachment":[{"href":"https:\/\/www.elifolgac.com\/index.php?rest_route=%2Fwp%2Fv2%2Fmedia&parent=5277"}],"curies":[{"name":"wp","href":"https:\/\/api.w.org\/{rel}","templated":true}]}}