{"id":60,"date":"2017-06-23T04:26:58","date_gmt":"2017-06-23T04:26:58","guid":{"rendered":"http:\/\/inspirythemesdemo.com\/realplaces\/?page_id=60"},"modified":"2022-05-01T23:31:44","modified_gmt":"2022-05-01T20:31:44","slug":"danismanlarimiz","status":"publish","type":"page","link":"https:\/\/www.elifolgac.com\/?page_id=60","title":{"rendered":"Dan\u0131\u015fmanlar\u0131m\u0131z"},"content":{"rendered":"","protected":false},"excerpt":{"rendered":"","protected":false},"author":1,"featured_media":0,"parent":0,"menu_order":0,"comment_status":"closed","ping_status":"closed","template":"templates\/agents-list.php","meta":{"_monsterinsights_skip_tracking":false,"_monsterinsights_sitenote_active":false,"_monsterinsights_sitenote_note":"","_monsterinsights_sitenote_category":0,"_uf_show_specific_survey":0,"_uf_disable_surveys":false,"footnotes":""},"class_list":["post-60","page","type-page","status-publish","hentry"],"aioseo_notices":[],"_links":{"self":[{"href":"https:\/\/www.elifolgac.com\/index.php?rest_route=\/wp\/v2\/pages\/60","targetHints":{"allow":["GET"]}}],"collection":[{"href":"https:\/\/www.elifolgac.com\/index.php?rest_route=\/wp\/v2\/pages"}],"about":[{"href":"https:\/\/www.elifolgac.com\/index.php?rest_route=\/wp\/v2\/types\/page"}],"author":[{"embeddable":true,"href":"https:\/\/www.elifolgac.com\/index.php?rest_route=\/wp\/v2\/users\/1"}],"replies":[{"embeddable":true,"href":"https:\/\/www.elifolgac.com\/index.php?rest_route=%2Fwp%2Fv2%2Fcomments&post=60"}],"version-history":[{"count":1,"href":"https:\/\/www.elifolgac.com\/index.php?rest_route=\/wp\/v2\/pages\/60\/revisions"}],"predecessor-version":[{"id":5159,"href":"https:\/\/www.elifolgac.com\/index.php?rest_route=\/wp\/v2\/pages\/60\/revisions\/5159"}],"wp:attachment":[{"href":"https:\/\/www.elifolgac.com\/index.php?rest_route=%2Fwp%2Fv2%2Fmedia&parent=60"}],"curies":[{"name":"wp","href":"https:\/\/api.w.org\/{rel}","templated":true}]}}